{"id":76,"date":"2026-04-10T14:51:19","date_gmt":"2026-04-10T14:51:19","guid":{"rendered":"https:\/\/choquei.com\/?page_id=76"},"modified":"2026-04-10T14:51:19","modified_gmt":"2026-04-10T14:51:19","slug":"contato","status":"publish","type":"page","link":"https:\/\/choquei.com\/index.php\/contato\/","title":{"rendered":"Contato"},"content":{"rendered":"\n<h1 class=\"wp-block-heading\">Fale Conosco<\/h1>\n\n\n\n<p>O <strong>Choquei <\/strong>valoriza a sua opini\u00e3o. Nosso compromisso \u00e9 oferecer um canal aberto de comunica\u00e7\u00e3o para que voc\u00ea possa enviar d\u00favidas, sugest\u00f5es, cr\u00edticas ou elogios.<\/p>\n\n\n\n<p>Estamos sempre dispon\u00edveis para ouvir voc\u00ea e melhorar continuamente a experi\u00eancia em nosso portal.<\/p>\n\n\n\n<hr class=\"wp-block-separator has-alpha-channel-opacity\"\/>\n\n\n\n<h2 class=\"wp-block-heading\">Como entrar em contato<\/h2>\n\n\n\n<p>\ud83d\udce7 <strong>E-mail:<\/strong> <a>contato@choquei.com<\/a><\/p>\n\n\n\n<p><\/p>\n","protected":false},"excerpt":{"rendered":"<p>Fale Conosco O Choquei valoriza a sua opini\u00e3o. Nosso compromisso \u00e9 oferecer um canal aberto de comunica\u00e7\u00e3o para que voc\u00ea possa enviar d\u00favidas, sugest\u00f5es, cr\u00edticas ou elogios. Estamos sempre dispon\u00edveis&hellip;<\/p>\n","protected":false},"author":1,"featured_media":0,"parent":0,"menu_order":0,"comment_status":"closed","ping_status":"closed","template":"","meta":{"footnotes":""},"class_list":["post-76","page","type-page","status-publish","hentry"],"_links":{"self":[{"href":"https:\/\/choquei.com\/index.php\/wp-json\/wp\/v2\/pages\/76","targetHints":{"allow":["GET"]}}],"collection":[{"href":"https:\/\/choquei.com\/index.php\/wp-json\/wp\/v2\/pages"}],"about":[{"href":"https:\/\/choquei.com\/index.php\/wp-json\/wp\/v2\/types\/page"}],"author":[{"embeddable":true,"href":"https:\/\/choquei.com\/index.php\/wp-json\/wp\/v2\/users\/1"}],"replies":[{"embeddable":true,"href":"https:\/\/choquei.com\/index.php\/wp-json\/wp\/v2\/comments?post=76"}],"version-history":[{"count":1,"href":"https:\/\/choquei.com\/index.php\/wp-json\/wp\/v2\/pages\/76\/revisions"}],"predecessor-version":[{"id":77,"href":"https:\/\/choquei.com\/index.php\/wp-json\/wp\/v2\/pages\/76\/revisions\/77"}],"wp:attachment":[{"href":"https:\/\/choquei.com\/index.php\/wp-json\/wp\/v2\/media?parent=76"}],"curies":[{"name":"wp","href":"https:\/\/api.w.org\/{rel}","templated":true}]}}